{"id":67,"date":"2017-01-08T14:57:41","date_gmt":"2017-01-08T13:57:41","guid":{"rendered":"http:\/\/www.innwit.com\/themes\/ocean\/?page_id=67"},"modified":"2018-07-01T13:47:45","modified_gmt":"2018-07-01T11:47:45","slug":"digitalisierung-digitale-transformation","status":"publish","type":"page","link":"https:\/\/361consult.com\/en\/digitization-digital-transformation\/","title":{"rendered":"Digitization &#038; Digital Transformation"},"content":{"rendered":"<p>[vc_row full_width=&#8221;stretch_row_content_no_spaces&#8221; content_placement=&#8221;middle&#8221; color_style=&#8221;light&#8221; css=&#8221;.vc_custom_1513609903379{padding-top: 200px !important;padding-bottom: 100px !important;background-image: url(https:\/\/361consult.com\/wp-content\/uploads\/2017\/01\/dienstleistungen-f\u00fcr-digitale-transformation.jpeg?id=2958) !important;background-position: center !important;background-repeat: no-repeat !important;background-size: cover !important;}&#8221;][vc_column width=&#8221;1\/6&#8243;][\/vc_column][vc_column width=&#8221;2\/3&#8243;]<div class=\" size-sm align-center clearfix \"  ><h2 class=\"main-title title uppercase \" style=\"font-size: 65px; \">We show you new digital paths<\/h2><\/div>[\/vc_column][vc_column width=&#8221;1\/6&#8243;][\/vc_column][\/vc_row][vc_row][vc_column]<div class=\" size-sm align-center clearfix \"  ><h2 class=\"main-title title uppercase \" style=\"\">How do we work with you together?<\/h2> <span class=\"line\"><\/span><\/div><div class=\"quotes\"><span class=\"quote\"><i class=\"pixicon-quote\"><\/i><\/span><p class=\"author-comment\">We are your virtual employees<\/p><div class=\"comment-author-name\"><\/div><\/div>[vc_column_text]<\/p>\n<p style=\"text-align: center;\">Imagine they need a digital transformation consultant, a change manager, an HR consultant, a designer, a programmer, a social media consultant and all this for their own business.<\/p>\n<p style=\"text-align: center;\">To do this with external companies and agencies becomes expensive and there are many different reference persons, which leads to inefficiencies.<\/p>\n<p style=\"text-align: center;\">We accompany you and provide you with the resources you really need. You have something like a virtual employee in your company who changes and adapts as you need it.<\/p>\n<p>[\/vc_column_text][vc_btn title=&#8221;Talk with us in person&#8221; align=&#8221;center&#8221; link=&#8221;url:https%3A%2F%2F361consult.com%2Fkontakt%2F|||&#8221;][\/vc_column][vc_column css=&#8221;.vc_custom_1512663855852{background-color: #dbdbdb !important;}&#8221;]<div class=\" size-md align-center clearfix \"  ><h1 class=\"main-title title sub-title-con \" style=\"\">How can we support you and your vision?<\/h1> <span class=\"line\"><\/span><p class=\"sub-title\" >Wir w\u00e4hlen das Team je nach Aufgabenstellung aus. Sie haben Spezialisten aus allen Bereichen und k\u00f6nnen auch auf unsere Ressourcen aus Partnerunternehmen zur\u00fcckgreifen. Alles aus einer Hand - Alles ohne kostspielige \u00dcberraschungen<\/p><\/div><div class=\" size-sm align-center clearfix \"  ><h2 class=\"main-title title uppercase sub-title-con \" style=\"\">Digital Change Managment needs a lot of trust<\/h2> <span class=\"line\"><\/span><p class=\"sub-title\" >Der Markt entwickelt sich schnell, Kundenbed\u00fcrfnisse ver\u00e4ndern sich und man selbst findet neben dem Tagesgesch\u00e4ft keine Zeit. Wir sorgen daf\u00fcr, das Sie innovativ sind und die digitale Transformation durchf\u00fchren k\u00f6nnen ohne \u00fcber Ihre eigenen Grenzen zu gehen. <\/p><\/div>[vc_empty_space]<div class=\" size-sm align-center clearfix \"  ><h2 class=\"main-title title uppercase \" style=\"\">See the areas where we can help you<\/h2> <span class=\"line\"><\/span><\/div>[vc_basic_grid post_type=&#8221;ids&#8221; item=&#8221;basicGrid_TextFirst&#8221; grid_id=&#8221;vc_gid:1530445345436-b59d9218-b72a-5&#8243; include=&#8221;2916, 2914, 2920, 2918, 2922, 2922, 3083, 2980&#8243;][\/vc_column][\/vc_row]<\/p>","protected":false},"excerpt":{"rendered":"<p>[vc_row full_width=&#8221;stretch_row_content_no_spaces&#8221; content_placement=&#8221;middle&#8221; color_style=&#8221;light&#8221; css=&#8221;.vc_custom_1513609903379{padding-top: 200px !important;padding-bottom: 100px !important;background-image: url(https:\/\/361consult.com\/wp-content\/uploads\/2017\/01\/dienstleistungen-f\u00fcr-digitale-transformation.jpeg?id=2958) !important;background-position: center !important;background-repeat: no-repeat !important;background-size: cover !important;}&#8221;][vc_column width=&#8221;1\/6&#8243;][\/vc_column][vc_column width=&#8221;2\/3&#8243;][\/vc_column][vc_column width=&#8221;1\/6&#8243;][\/vc_column][\/vc_row][vc_row][vc_column][vc_column_text] Imagine they need a digital transformation consultant, a change manager, an HR consultant, a designer, a programmer, a social media&#8230;<\/p>\n","protected":false},"author":1,"featured_media":0,"parent":0,"menu_order":0,"comment_status":"closed","ping_status":"closed","template":"","meta":[],"_links":{"self":[{"href":"https:\/\/361consult.com\/en\/wp-json\/wp\/v2\/pages\/67"}],"collection":[{"href":"https:\/\/361consult.com\/en\/wp-json\/wp\/v2\/pages"}],"about":[{"href":"https:\/\/361consult.com\/en\/wp-json\/wp\/v2\/types\/page"}],"author":[{"embeddable":true,"href":"https:\/\/361consult.com\/en\/wp-json\/wp\/v2\/users\/1"}],"replies":[{"embeddable":true,"href":"https:\/\/361consult.com\/en\/wp-json\/wp\/v2\/comments?post=67"}],"version-history":[{"count":34,"href":"https:\/\/361consult.com\/en\/wp-json\/wp\/v2\/pages\/67\/revisions"}],"predecessor-version":[{"id":3638,"href":"https:\/\/361consult.com\/en\/wp-json\/wp\/v2\/pages\/67\/revisions\/3638"}],"wp:attachment":[{"href":"https:\/\/361consult.com\/en\/wp-json\/wp\/v2\/media?parent=67"}],"curies":[{"name":"wp","href":"https:\/\/api.w.org\/{rel}","templated":true}]}}