{"id":34,"date":"2017-01-17T10:18:15","date_gmt":"2017-01-17T09:18:15","guid":{"rendered":"http:\/\/www.innwit.com\/themes\/ocean\/?page_id=34"},"modified":"2018-07-01T16:05:08","modified_gmt":"2018-07-01T14:05:08","slug":"uber-uns","status":"publish","type":"page","link":"https:\/\/361consult.com\/en\/about-us\/","title":{"rendered":"About us"},"content":{"rendered":"<p>[vc_row full_width=&#8221;stretch_row_content_no_spaces&#8221; content_placement=&#8221;middle&#8221; color_style=&#8221;light&#8221; css=&#8221;.vc_custom_1513610888562{padding-top: 200px !important;padding-bottom: 100px !important;background-image: url(https:\/\/361consult.com\/wp-content\/uploads\/2017\/12\/\u00dcber-uns-Unternehmensberatung-f\u00fcr-digitale-Transformation-und-Digitalisierung-e1513610858930.jpg?id=3293) !important;background-position: center !important;background-repeat: no-repeat !important;background-size: cover !important;}&#8221;][vc_column width=&#8221;1\/6&#8243;][\/vc_column][vc_column width=&#8221;2\/3&#8243;]<div class=\" size-sm align-center clearfix \"  ><h2 class=\"main-title title uppercase \" style=\"font-size: 65px; \">About us<\/h2><\/div>[\/vc_column][vc_column width=&#8221;1\/6&#8243;][\/vc_column][\/vc_row][vc_row full_width=&#8221;stretch_row_content&#8221; equal_height=&#8221;yes&#8221; content_placement=&#8221;middle&#8221; css=&#8221;.vc_custom_1483858722433{padding-top: 65px !important;padding-bottom: 100px !important;background-position: center !important;background-repeat: no-repeat !important;background-size: cover !important;}&#8221;][vc_column width=&#8221;1\/6&#8243; set_column_height=&#8221;yes&#8221; column_height=&#8221;540px&#8221;][\/vc_column][vc_column width=&#8221;2\/3&#8243;]<div class=\" size-sm align-center clearfix \"  ><h2 class=\"main-title title uppercase \" style=\"\">Where does our love for digitization come from?<\/h2> <span class=\"line\"><\/span><\/div>[vc_column_text]For years we have been enthusiastic about new technologies, innovations and new business models. The fascination stems from the fact that we could determine more and more how much potential there is in finding new ways and using technology to be able to help companies sustainably. We have developed innovations ourselves, are deep in the subject matter for start-ups and have also developed an understanding of the challenges of digitization.[\/vc_column_text]<div class=\"pix_button clear button-center\"><a href=\"https:\/\/361consult.com\/kontakt\/\" title=\"\"  class=\"btn btn-outline btn-rectangle  btn-md  \">Get in touch with us<\/a><\/div>[\/vc_column][vc_column width=&#8221;1\/6&#8243;][\/vc_column][\/vc_row][vc_row full_width=&#8221;stretch_row_content&#8221; equal_height=&#8221;yes&#8221; content_placement=&#8221;middle&#8221; color_style=&#8221;light&#8221; css=&#8221;.vc_custom_1483703942694{padding-top: 0px !important;padding-bottom: 0px !important;background-position: center !important;background-repeat: no-repeat !important;background-size: cover !important;}&#8221;][vc_column width=&#8221;1\/2&#8243; set_column_height=&#8221;yes&#8221; column_height=&#8221;540px&#8221; css=&#8221;.vc_custom_1483704277030{padding-top: 80px !important;padding-right: 6% !important;padding-bottom: 80px !important;padding-left: 6% !important;background-color: #1b1b1b !important;}&#8221;]<div class=\" size-sm clearfix \"  ><h2 class=\"main-title title uppercase \" style=\"\">Our Mission<\/h2> <span class=\"line\"><\/span><\/div>[vc_row_inner css=&#8221;.vc_custom_1483018935555{padding-top: 30px !important;padding-bottom: 0px !important;}&#8221;][vc_column_inner css=&#8221;.vc_custom_1444400528654{padding-right: 20px !important;}&#8221;][vc_column_text]We want to help companies to find their way through the changes of digitalization and to make a step closer to the customer through digital transformation in order to create more satisfied customers and make a sustainable business possible.[\/vc_column_text]<div class=\"pix_button clear \"><a href=\"https:\/\/361consult.com\/kontakt\/\" title=\"\"  class=\"btn btn-outline btn-rectangle  btn-md white \">Kontakt aufnehmen<\/a><\/div>[\/vc_column_inner][\/vc_row_inner][\/vc_column][vc_column width=&#8221;1\/2&#8243; set_column_height=&#8221;yes&#8221; column_height=&#8221;540px&#8221; css=&#8221;.vc_custom_1510042234138{background-image: url(https:\/\/361consult.com\/wp-content\/uploads\/2017\/01\/Unsere-Mission-f\u00fcr-Digitale-Transformation-Cover.jpeg?id=3010) !important;background-position: center !important;background-repeat: no-repeat !important;background-size: cover !important;}&#8221;][vc_column_text]<br \/>\n[\/vc_column_text][\/vc_column][\/vc_row][vc_row css=&#8221;.vc_custom_1443947660921{padding-top: 100px !important;padding-bottom: 100px !important;}&#8221;][vc_column]<div class=\" size-sm align-center clearfix \"  ><h2 class=\"main-title title uppercase \" style=\"\">We support you where you need it<\/h2> <span class=\"line\"><\/span><\/div>[vc_row_inner][vc_column_inner width=&#8221;1\/3&#8243;]<div class=\"icon-box normal-with-line  text-center \"  ><span class=\"icon-wrap\"><i class=\"ama-icon pixicon-search\"><\/i><\/span><div class=\"icon-box-content\"><h2 class=\"title uppercase\" style=\"\">Analyse<\/h2><div class=\"content\" style=\"\"><p>Wir helfen Ihnen bei der Analyse ihrer digitalen M\u00f6glichkeiten. F\u00fcr jede Digitale Transformation muss der Markt sowie das Unternehmen gesondert betrachtet werden.<\/p>\n<\/div><\/div><\/div>[\/vc_column_inner][vc_column_inner width=&#8221;1\/3&#8243;]<div class=\"icon-box normal-with-line  text-center \"  ><span class=\"icon-wrap\"><i class=\"ama-icon pixicon-puzzle\"><\/i><\/span><div class=\"icon-box-content\"><h2 class=\"title uppercase\" style=\"\">Planning of strategy and execution<\/h2><div class=\"content\" style=\"\"><p>Aus den Erkentnissen entwickeln wir zusammen mit Ihnen einen Plan der ihren Vorstellungen, ihrem Budget und auch den personellen Ressourcen entspricht. Wir fokussieren uns speziell auf die Umsetzbarkeit.<\/p>\n<\/div><\/div><\/div>[\/vc_column_inner][vc_column_inner width=&#8221;1\/3&#8243;]<div class=\"icon-box normal-with-line  text-center \"  ><span class=\"icon-wrap\"><i class=\"ama-icon pixicon-tools\"><\/i><\/span><div class=\"icon-box-content\"><h2 class=\"title uppercase\" style=\"\">Implement &amp; help<\/h2><div class=\"content\" style=\"\"><p>Wir stehen ihnen in allen Phasen ihrer Transformation bei. Dabei dienen wir gerne als Schnittstelle zwischen den Parteien, setzen Projekte f\u00fcr Sie um oder geben Ihnen eine Hilfestellung, wenn es zu Fragen kommt w\u00e4hrend des Prozesses.<\/p>\n<\/div><\/div><\/div>[\/vc_column_inner][\/vc_row_inner][\/vc_column][\/vc_row][vc_row full_width=&#8221;stretch_row_content&#8221; equal_height=&#8221;yes&#8221; content_placement=&#8221;middle&#8221; color_style=&#8221;light&#8221; css=&#8221;.vc_custom_1483704013394{padding-top: 0px !important;padding-bottom: 0px !important;background-position: center !important;background-repeat: no-repeat !important;background-size: cover !important;}&#8221;][vc_column width=&#8221;1\/2&#8243; set_column_height=&#8221;yes&#8221; column_height=&#8221;540px&#8221; css=&#8221;.vc_custom_1483023563286{background-image: url(http:\/\/pixel8es.com\/wpthemes\/rigel\/wp-content\/uploads\/sites\/3\/2015\/08\/AboutUssec3bg-2.jpg?id=1003) !important;background-position: center !important;background-repeat: no-repeat !important;background-size: cover !important;}&#8221;][vc_column_text]<br \/>\n[\/vc_column_text][\/vc_column][vc_column width=&#8221;1\/2&#8243; set_column_height=&#8221;yes&#8221; column_height=&#8221;540px&#8221; css=&#8221;.vc_custom_1483704293300{padding-top: 80px !important;padding-right: 6% !important;padding-bottom: 80px !important;padding-left: 6% !important;background-color: #1b1b1b !important;}&#8221;]<div class=\" size-sm clearfix \"  ><h2 class=\"main-title title uppercase \" style=\"\">Our Vision<\/h2> <span class=\"line\"><\/span><\/div>[vc_row_inner css=&#8221;.vc_custom_1483018935555{padding-top: 30px !important;padding-bottom: 0px !important;}&#8221;][vc_column_inner css=&#8221;.vc_custom_1444400528654{padding-right: 20px !important;}&#8221;][vc_column_text]Implement &amp; We want innovative SMEs to be able to keep pace with changing customer needs. We want to find simple, efficient and inexpensive ways to help companies sustainably in the digital transformation.[\/vc_column_text]<div class=\"pix_button clear \"><a href=\"https:\/\/361consult.com\/kontakt\/\" title=\"\"  class=\"btn btn-outline btn-rectangle  btn-md white \">Talk with us<\/a><\/div>[\/vc_column_inner][\/vc_row_inner][\/vc_column][\/vc_row][vc_row full_width=&#8221;stretch_row&#8221; parallax=&#8221;content-moving&#8221; parallax_image=&#8221;999&#8243; parallax_speed_bg=&#8221;3.5&#8243; color_style=&#8221;light&#8221; css=&#8221;.vc_custom_1513611213581{padding-top: 100px !important;padding-bottom: 100px !important;background-color: #878787 !important;background-position: center;background-repeat: no-repeat !important;background-size: cover !important;}&#8221;][vc_column css=&#8221;.vc_custom_1483096944049{padding-top: 0px !important;padding-bottom: 0px !important;}&#8221;]<div class=\" size-sm align-center clearfix \"  ><h2 class=\"main-title title uppercase sub-title-con \" style=\"font-size: 42px; \">You want a personal consultation?<\/h2><p class=\"sub-title\" >Wir beraten Sie gerne unverbindlich beim 1. Gespr\u00e4ch und kl\u00e4ren Sie \u00fcber m\u00f6gliche Potentiale auf.<\/p><\/div>[vc_empty_space height=&#8221;15px&#8221;]<div class=\"pix_button clear button-center\"><a href=\"https:\/\/361consult.com\/kontakt\/\" title=\"\"  class=\"btn btn-solid btn-rectangle  btn-sm white \">Get in touch<\/a><\/div>[\/vc_column][\/vc_row]<\/p>","protected":false},"excerpt":{"rendered":"<p>[vc_row full_width=&#8221;stretch_row_content_no_spaces&#8221; content_placement=&#8221;middle&#8221; color_style=&#8221;light&#8221; css=&#8221;.vc_custom_1513610888562{padding-top: 200px !important;padding-bottom: 100px !important;background-image: url(https:\/\/361consult.com\/wp-content\/uploads\/2017\/12\/\u00dcber-uns-Unternehmensberatung-f\u00fcr-digitale-Transformation-und-Digitalisierung-e1513610858930.jpg?id=3293) !important;background-position: center !important;background-repeat: no-repeat !important;background-size: cover !important;}&#8221;][vc_column width=&#8221;1\/6&#8243;][\/vc_column][vc_column width=&#8221;2\/3&#8243;][\/vc_column][vc_column width=&#8221;1\/6&#8243;][\/vc_column][\/vc_row][vc_row full_width=&#8221;stretch_row_content&#8221; equal_height=&#8221;yes&#8221; content_placement=&#8221;middle&#8221; css=&#8221;.vc_custom_1483858722433{padding-top: 65px !important;padding-bottom: 100px !important;background-position: center !important;background-repeat: no-repeat !important;background-size: cover !important;}&#8221;][vc_column width=&#8221;1\/6&#8243; set_column_height=&#8221;yes&#8221; column_height=&#8221;540px&#8221;][\/vc_column][vc_column width=&#8221;2\/3&#8243;][vc_column_text]For years we&#8230;<\/p>\n","protected":false},"author":1,"featured_media":0,"parent":0,"menu_order":0,"comment_status":"closed","ping_status":"closed","template":"","meta":[],"_links":{"self":[{"href":"https:\/\/361consult.com\/en\/wp-json\/wp\/v2\/pages\/34"}],"collection":[{"href":"https:\/\/361consult.com\/en\/wp-json\/wp\/v2\/pages"}],"about":[{"href":"https:\/\/361consult.com\/en\/wp-json\/wp\/v2\/types\/page"}],"author":[{"embeddable":true,"href":"https:\/\/361consult.com\/en\/wp-json\/wp\/v2\/users\/1"}],"replies":[{"embeddable":true,"href":"https:\/\/361consult.com\/en\/wp-json\/wp\/v2\/comments?post=34"}],"version-history":[{"count":11,"href":"https:\/\/361consult.com\/en\/wp-json\/wp\/v2\/pages\/34\/revisions"}],"predecessor-version":[{"id":3681,"href":"https:\/\/361consult.com\/en\/wp-json\/wp\/v2\/pages\/34\/revisions\/3681"}],"wp:attachment":[{"href":"https:\/\/361consult.com\/en\/wp-json\/wp\/v2\/media?parent=34"}],"curies":[{"name":"wp","href":"https:\/\/api.w.org\/{rel}","templated":true}]}}