{"id":3099,"date":"2017-11-28T08:44:34","date_gmt":"2017-11-28T07:44:34","guid":{"rendered":"https:\/\/361consult.com\/?page_id=3099"},"modified":"2018-07-01T15:05:28","modified_gmt":"2018-07-01T13:05:28","slug":"innovation","status":"publish","type":"page","link":"https:\/\/361consult.com\/en\/innovation\/","title":{"rendered":"Innovation"},"content":{"rendered":"<p>[vc_row full_width=&#8221;stretch_row_content_no_spaces&#8221; content_placement=&#8221;middle&#8221; color_style=&#8221;light&#8221; css=&#8221;.vc_custom_1513609407572{padding-top: 200px !important;padding-bottom: 100px !important;background-image: url(https:\/\/361consult.com\/wp-content\/uploads\/2017\/12\/Innovation-und-digitale-Transformation-Unternehmensberatung.jpg?id=3282) !important;background-position: center !important;background-repeat: no-repeat !important;background-size: cover !important;}&#8221;][vc_column width=&#8221;1\/6&#8243;][\/vc_column][vc_column width=&#8221;2\/3&#8243;]<div class=\" size-sm align-center clearfix \"  ><h2 class=\"main-title title uppercase \" style=\"font-size: 65px; \">Innovation needs new ways of thinking<\/h2><\/div>[\/vc_column][vc_column width=&#8221;1\/6&#8243;][\/vc_column][\/vc_row][vc_row][vc_column]<div class=\" size-sm align-center clearfix \"  ><h2 class=\"main-title title uppercase sub-title-con \" style=\"\">We give you the right input to help you innovate<\/h2> <span class=\"line\"><\/span><p class=\"sub-title\" >Der Market entwickelt sich schnell, Kundenbed\u00fcrfnisse ver\u00e4ndern sich und man selbst findet neben dem Tagesgesch\u00e4ft keine Zeit. Wir sorgen daf\u00fcr, das Sie innovativ sind und die digitale Transformation durchf\u00fchren k\u00f6nnen ohne \u00fcber ihre eigenen Grenzen zu gehen. <\/p><\/div>[vc_column_text][\/vc_column_text][vc_basic_grid post_type=&#8221;ids&#8221; item=&#8221;basicGrid_TextFirst&#8221; grid_id=&#8221;vc_gid:1530450283363-1c4b13b8-e1ce-3&#8243; include=&#8221;2953, 3071, 3069, 3145, 2951&#8243;][\/vc_column][\/vc_row]<\/p>","protected":false},"excerpt":{"rendered":"<p>[vc_row full_width=&#8221;stretch_row_content_no_spaces&#8221; content_placement=&#8221;middle&#8221; color_style=&#8221;light&#8221; css=&#8221;.vc_custom_1513609407572{padding-top: 200px !important;padding-bottom: 100px !important;background-image: url(https:\/\/361consult.com\/wp-content\/uploads\/2017\/12\/Innovation-und-digitale-Transformation-Unternehmensberatung.jpg?id=3282) !important;background-position: center !important;background-repeat: no-repeat !important;background-size: cover !important;}&#8221;][vc_column width=&#8221;1\/6&#8243;][\/vc_column][vc_column width=&#8221;2\/3&#8243;][\/vc_column][vc_column width=&#8221;1\/6&#8243;][\/vc_column][\/vc_row][vc_row][vc_column][vc_column_text][\/vc_column_text][vc_basic_grid post_type=&#8221;ids&#8221; item=&#8221;basicGrid_TextFirst&#8221; grid_id=&#8221;vc_gid:1530450283363-1c4b13b8-e1ce-3&#8243; include=&#8221;2953, 3071, 3069, 3145, 2951&#8243;][\/vc_column][\/vc_row]<\/p>\n","protected":false},"author":1,"featured_media":0,"parent":0,"menu_order":0,"comment_status":"closed","ping_status":"closed","template":"","meta":[],"_links":{"self":[{"href":"https:\/\/361consult.com\/en\/wp-json\/wp\/v2\/pages\/3099"}],"collection":[{"href":"https:\/\/361consult.com\/en\/wp-json\/wp\/v2\/pages"}],"about":[{"href":"https:\/\/361consult.com\/en\/wp-json\/wp\/v2\/types\/page"}],"author":[{"embeddable":true,"href":"https:\/\/361consult.com\/en\/wp-json\/wp\/v2\/users\/1"}],"replies":[{"embeddable":true,"href":"https:\/\/361consult.com\/en\/wp-json\/wp\/v2\/comments?post=3099"}],"version-history":[{"count":9,"href":"https:\/\/361consult.com\/en\/wp-json\/wp\/v2\/pages\/3099\/revisions"}],"predecessor-version":[{"id":3659,"href":"https:\/\/361consult.com\/en\/wp-json\/wp\/v2\/pages\/3099\/revisions\/3659"}],"wp:attachment":[{"href":"https:\/\/361consult.com\/en\/wp-json\/wp\/v2\/media?parent=3099"}],"curies":[{"name":"wp","href":"https:\/\/api.w.org\/{rel}","templated":true}]}}