{"id":2985,"date":"2017-11-04T08:47:28","date_gmt":"2017-11-04T07:47:28","guid":{"rendered":"https:\/\/361consult.com\/?page_id=2985"},"modified":"2018-07-01T14:27:35","modified_gmt":"2018-07-01T12:27:35","slug":"branchenkompetenz","status":"publish","type":"page","link":"https:\/\/361consult.com\/en\/industry-expertise\/","title":{"rendered":"Industry Exptertise"},"content":{"rendered":"<p>[vc_row full_width=&#8221;stretch_row_content_no_spaces&#8221; content_placement=&#8221;middle&#8221; color_style=&#8221;light&#8221; css=&#8221;.vc_custom_1513609858976{padding-top: 200px !important;padding-bottom: 100px !important;background-image: url(https:\/\/361consult.com\/wp-content\/uploads\/2017\/12\/Branchen-und-Branchenkompetenz-in-der-digitalen-Transformation-e1513609742591-darken.jpg?id=3286) !important;background-position: center !important;background-repeat: no-repeat !important;background-size: cover !important;}&#8221;][vc_column width=&#8221;1\/6&#8243;][\/vc_column][vc_column width=&#8221;2\/3&#8243;]<div class=\" size-sm align-center clearfix \"  ><h2 class=\"main-title title uppercase \" style=\"font-size: 65px; \">Benefit from our industry knowledge<\/h2><\/div>[\/vc_column][vc_column width=&#8221;1\/6&#8243;][\/vc_column][\/vc_row][vc_row][vc_column]<div class=\" size-md align-center clearfix \"  ><h2 class=\"main-title title uppercase sub-title-con \" style=\"\">Other industries also have nice challenges<\/h2> <span class=\"line\"><\/span><p class=\"sub-title\" >Wenn man sich mit der Digitalisierung tagt\u00e4glich besch\u00e4ftigt, dann sieht man immer wieder auch grosse Unterschiede wie verschiedene Branchen betroffen sind. Disruptive Technologien, neue Gesch\u00e4ftsmodelle oder ver\u00e4nderte Nachfrage k\u00f6nnen eine Branche in Bedr\u00e4ngnis bringen.<\/p><\/div>[vc_basic_grid post_type=&#8221;ids&#8221; item=&#8221;basicGrid_TextFirst&#8221; grid_id=&#8221;vc_gid:1530447934685-3d2a5447-75b2-3&#8243; include=&#8221;2908, 2906, 2904, 3150, 3148, 2912&#8243;][\/vc_column][\/vc_row]<\/p>","protected":false},"excerpt":{"rendered":"<p>[vc_row full_width=&#8221;stretch_row_content_no_spaces&#8221; content_placement=&#8221;middle&#8221; color_style=&#8221;light&#8221; css=&#8221;.vc_custom_1513609858976{padding-top: 200px !important;padding-bottom: 100px !important;background-image: url(https:\/\/361consult.com\/wp-content\/uploads\/2017\/12\/Branchen-und-Branchenkompetenz-in-der-digitalen-Transformation-e1513609742591-darken.jpg?id=3286) !important;background-position: center !important;background-repeat: no-repeat !important;background-size: cover !important;}&#8221;][vc_column width=&#8221;1\/6&#8243;][\/vc_column][vc_column width=&#8221;2\/3&#8243;][\/vc_column][vc_column width=&#8221;1\/6&#8243;][\/vc_column][\/vc_row][vc_row][vc_column][vc_basic_grid post_type=&#8221;ids&#8221; item=&#8221;basicGrid_TextFirst&#8221; grid_id=&#8221;vc_gid:1530447934685-3d2a5447-75b2-3&#8243; include=&#8221;2908, 2906, 2904, 3150, 3148, 2912&#8243;][\/vc_column][\/vc_row]<\/p>\n","protected":false},"author":1,"featured_media":0,"parent":0,"menu_order":0,"comment_status":"closed","ping_status":"closed","template":"","meta":[],"_links":{"self":[{"href":"https:\/\/361consult.com\/en\/wp-json\/wp\/v2\/pages\/2985"}],"collection":[{"href":"https:\/\/361consult.com\/en\/wp-json\/wp\/v2\/pages"}],"about":[{"href":"https:\/\/361consult.com\/en\/wp-json\/wp\/v2\/types\/page"}],"author":[{"embeddable":true,"href":"https:\/\/361consult.com\/en\/wp-json\/wp\/v2\/users\/1"}],"replies":[{"embeddable":true,"href":"https:\/\/361consult.com\/en\/wp-json\/wp\/v2\/comments?post=2985"}],"version-history":[{"count":10,"href":"https:\/\/361consult.com\/en\/wp-json\/wp\/v2\/pages\/2985\/revisions"}],"predecessor-version":[{"id":3652,"href":"https:\/\/361consult.com\/en\/wp-json\/wp\/v2\/pages\/2985\/revisions\/3652"}],"wp:attachment":[{"href":"https:\/\/361consult.com\/en\/wp-json\/wp\/v2\/media?parent=2985"}],"curies":[{"name":"wp","href":"https:\/\/api.w.org\/{rel}","templated":true}]}}