{"id":2887,"date":"2017-10-18T16:53:56","date_gmt":"2017-10-18T14:53:56","guid":{"rendered":"https:\/\/361consult.com\/?page_id=2887"},"modified":"2018-07-01T14:11:15","modified_gmt":"2018-07-01T12:11:15","slug":"investment-erhalten","status":"publish","type":"page","link":"https:\/\/361consult.com\/en\/about-us\/financing-digital-transformation\/","title":{"rendered":"Financing for your transformation &#8211; how?"},"content":{"rendered":"<p>[vc_row][vc_column]<div class=\" size-sm clearfix \"  ><h2 class=\"main-title title \" style=\"\">We help you to finance your projects and to initiate or accelerate the digital transformation<\/h2> <span class=\"line\"><\/span><\/div>[vc_column_text]Through our network we bring you together with potential investors. We are in cooperation with investment funds that invest in innovative, stable and future-oriented companies over the long term.<\/p>\n<p>This gives you a symbiosis of fresh ideas and fresh capital, which helps you to drive your project forward in a timely and sustainable manner. In this way we help you to make your company fit for the future, to maintain jobs and to create new jobs in the long term,<\/p>\n<p>Talk to us about the possibility to set new growth impulses by using innovative digital technologies, creating new markets and automating processes.<\/p>\n<p><img loading=\"lazy\" class=\"aligncenter size-full wp-image-3565\" title=\"Investment und Digitalisierung f\u00fcr neue Gesch\u00e4fte Wir finanzieren ihre Zukunft und ihr Gesch\u00e4ftliches vorankommen\" src=\"https:\/\/361consult.com\/wp-content\/uploads\/2018\/02\/Investment-und-Digitalisierung-f\u00fcr-neue-Gesch\u00e4fte-Wir-finanzieren-ihre-Zukunft-und-ihr-Gesch\u00e4ftliches-vorankommen.png\" alt=\"Investment und Digitalisierung f\u00fcr neue Gesch\u00e4fte Wir finanzieren ihre Zukunft und ihr Gesch\u00e4ftliches vorankommen\" width=\"1320\" height=\"416\" srcset=\"https:\/\/361consult.com\/wp-content\/uploads\/2018\/02\/Investment-und-Digitalisierung-f\u00fcr-neue-Gesch\u00e4fte-Wir-finanzieren-ihre-Zukunft-und-ihr-Gesch\u00e4ftliches-vorankommen.png 1320w, https:\/\/361consult.com\/wp-content\/uploads\/2018\/02\/Investment-und-Digitalisierung-f\u00fcr-neue-Gesch\u00e4fte-Wir-finanzieren-ihre-Zukunft-und-ihr-Gesch\u00e4ftliches-vorankommen-300x95.png 300w, https:\/\/361consult.com\/wp-content\/uploads\/2018\/02\/Investment-und-Digitalisierung-f\u00fcr-neue-Gesch\u00e4fte-Wir-finanzieren-ihre-Zukunft-und-ihr-Gesch\u00e4ftliches-vorankommen-768x242.png 768w, https:\/\/361consult.com\/wp-content\/uploads\/2018\/02\/Investment-und-Digitalisierung-f\u00fcr-neue-Gesch\u00e4fte-Wir-finanzieren-ihre-Zukunft-und-ihr-Gesch\u00e4ftliches-vorankommen-1024x323.png 1024w\" sizes=\"(max-width: 1320px) 100vw, 1320px\" \/><\/p>\n<blockquote><p>Awesome ideas, controlled change managment, many years of experience paired with the necessary capital means sure success for your digital transformation!<\/p><\/blockquote>\n<hr \/>\n<p>[\/vc_column_text]<div class=\" size-lg clearfix \"  ><h2 class=\"main-title title uppercase \" style=\"\">Possible Options for Investments<\/h2><\/div>[\/vc_column][\/vc_row][vc_row][vc_column width=&#8221;1\/2&#8243;][vc_column_text]<\/p>\n<h3>Forms of financing<\/h3>\n<p>The investment funds, with which we work in partnership, provide capital in various forms for innovative, future-oriented companies.<\/p>\n<p>Possible forms of financing are:<\/p>\n<p>Mezzanine capital A mixture of debt and equity, an interesting form of financing, especially in expansion phases.<\/p>\n<p>Participation in the company: A participation in a company not only brings fresh capital, but usually also new know-how to the company. The level of participation always depends on several factors, which we would be happy to discuss with you in a personal meeting.<\/p>\n<p>Thus, different participation possibilities are available. We would be happy to work with you to analyse what is the right option for you.[\/vc_column_text][\/vc_column][vc_column width=&#8221;1\/2&#8243;][vc_column_text]<\/p>\n<h2>Financing Terms<\/h2>\n<p>The basic prerequisite for financing in this form is that the company (SME) has a track record and is already established on the market. However, our partners finance independently of the industry.<\/p>\n<ul>\n<li>Investment amount min. is 500,000 CHF\/EUR<\/li>\n<li>The company has a long-term orientation<\/li>\n<li>The company has a promising business model<\/li>\n<li>A clear business plan and\/or strategy is in place<\/li>\n<li>The management is ready for change \/ growth \/ modernization<\/li>\n<li>The company is looking for a long-term partnership<\/li>\n<\/ul>\n<p>[\/vc_column_text][\/vc_column][\/vc_row][vc_row][vc_column width=&#8221;1\/2&#8243;][vc_column_text]<\/p>\n<hr \/>\n<h3>Get in touch<\/h3>\n<p style=\"text-align: center;\">[contact-form-7 404 \"Not Found\"]<\/p>\n<p>[\/vc_column_text][\/vc_column][vc_column width=&#8221;1\/2&#8243;][vc_column_text]We use all your data confidentially. After you have filled out the form on the right, we will be happy to contact you to discuss further details.<\/p>\n<p>We ask you to describe your project as precisely as possible in the form or to upload a summary of your project. Of course, we also understand if you only want to provide a few details for reasons of discretion. Then we would be happy to discuss this with you personally. We are looking forward to it![\/vc_column_text][\/vc_column][\/vc_row]<\/p>","protected":false},"excerpt":{"rendered":"<p>[vc_row][vc_column][vc_column_text]Through our network we bring you together with potential investors. We are in cooperation with investment funds that invest in innovative, stable and future-oriented companies over the long term. This gives you a symbiosis of fresh ideas and fresh capital,&#8230;<\/p>\n","protected":false},"author":1,"featured_media":0,"parent":34,"menu_order":0,"comment_status":"closed","ping_status":"closed","template":"","meta":[],"_links":{"self":[{"href":"https:\/\/361consult.com\/en\/wp-json\/wp\/v2\/pages\/2887"}],"collection":[{"href":"https:\/\/361consult.com\/en\/wp-json\/wp\/v2\/pages"}],"about":[{"href":"https:\/\/361consult.com\/en\/wp-json\/wp\/v2\/types\/page"}],"author":[{"embeddable":true,"href":"https:\/\/361consult.com\/en\/wp-json\/wp\/v2\/users\/1"}],"replies":[{"embeddable":true,"href":"https:\/\/361consult.com\/en\/wp-json\/wp\/v2\/comments?post=2887"}],"version-history":[{"count":32,"href":"https:\/\/361consult.com\/en\/wp-json\/wp\/v2\/pages\/2887\/revisions"}],"predecessor-version":[{"id":3645,"href":"https:\/\/361consult.com\/en\/wp-json\/wp\/v2\/pages\/2887\/revisions\/3645"}],"up":[{"embeddable":true,"href":"https:\/\/361consult.com\/en\/wp-json\/wp\/v2\/pages\/34"}],"wp:attachment":[{"href":"https:\/\/361consult.com\/en\/wp-json\/wp\/v2\/media?parent=2887"}],"curies":[{"name":"wp","href":"https:\/\/api.w.org\/{rel}","templated":true}]}}